{"id":1137,"date":"2022-12-29T09:56:53","date_gmt":"2022-12-29T09:56:53","guid":{"rendered":"http:\/\/mifa.stradigi.dev\/over-jou-ons\/"},"modified":"2025-09-22T07:42:34","modified_gmt":"2025-09-22T07:42:34","slug":"uber-sie-und-uns","status":"publish","type":"page","link":"https:\/\/mifa.stradigi.dev\/de\/uber-sie-und-uns\/","title":{"rendered":"\u00dcber Sie und uns"},"content":{"rendered":"","protected":false},"excerpt":{"rendered":"","protected":false},"author":4,"featured_media":0,"parent":0,"menu_order":0,"comment_status":"closed","ping_status":"closed","template":"","meta":{"_acf_changed":false,"footnotes":""},"class_list":["post-1137","page","type-page","status-publish","hentry"],"acf":[],"yoast_head":"<!-- This site is optimized with the Yoast SEO plugin v27.1.1 - https:\/\/yoast.com\/product\/yoast-seo-wordpress\/ -->\n<title>\u00dcber Sie und uns - Mifa<\/title>\n<meta name=\"description\" content=\"Mit \u00fcber 350 Kollegen arbeiten wir bei Mifa jeden Tag an Pr\u00e4zisionsprodukten, die zu einer nachhaltigeren und sichereren Welt beitragen.\" \/>\n<meta name=\"robots\" content=\"index, follow, max-snippet:-1, max-image-preview:large, max-video-preview:-1\" \/>\n<link rel=\"canonical\" href=\"https:\/\/mifa.stradigi.dev\/de\/uber-sie-und-uns\/\" \/>\n<meta property=\"og:locale\" content=\"de_DE\" \/>\n<meta property=\"og:type\" content=\"article\" \/>\n<meta property=\"og:title\" content=\"\u00dcber Sie und uns - Mifa\" \/>\n<meta property=\"og:description\" content=\"Mit \u00fcber 350 Kollegen arbeiten wir bei Mifa jeden Tag an Pr\u00e4zisionsprodukten, die zu einer nachhaltigeren und sichereren Welt beitragen.\" \/>\n<meta property=\"og:url\" content=\"https:\/\/mifa.stradigi.dev\/de\/uber-sie-und-uns\/\" \/>\n<meta property=\"og:site_name\" content=\"Mifa\" \/>\n<meta property=\"article:publisher\" content=\"https:\/\/www.facebook.com\/MifaAluminium\" \/>\n<meta property=\"article:modified_time\" content=\"2025-09-22T07:42:34+00:00\" \/>\n<meta name=\"twitter:card\" content=\"summary_large_image\" \/>\n<meta name=\"twitter:label1\" content=\"Est. reading time\" \/>\n\t<meta name=\"twitter:data1\" content=\"8 minutes\" \/>\n<script type=\"application\/ld+json\" class=\"yoast-schema-graph\">{\"@context\":\"https:\/\/schema.org\",\"@graph\":[{\"@type\":\"WebPage\",\"@id\":\"https:\/\/mifa.stradigi.dev\/de\/uber-sie-und-uns\/\",\"url\":\"https:\/\/mifa.stradigi.dev\/de\/uber-sie-und-uns\/\",\"name\":\"\u00dcber Sie und uns - Mifa\",\"isPartOf\":{\"@id\":\"https:\/\/mifa.stradigi.dev\/de\/#website\"},\"datePublished\":\"2022-12-29T09:56:53+00:00\",\"dateModified\":\"2025-09-22T07:42:34+00:00\",\"description\":\"Mit \u00fcber 350 Kollegen arbeiten wir bei Mifa jeden Tag an Pr\u00e4zisionsprodukten, die zu einer nachhaltigeren und sichereren Welt beitragen.\",\"breadcrumb\":{\"@id\":\"https:\/\/mifa.stradigi.dev\/de\/uber-sie-und-uns\/#breadcrumb\"},\"inLanguage\":\"de-DE\",\"potentialAction\":[{\"@type\":\"ReadAction\",\"target\":[\"https:\/\/mifa.stradigi.dev\/de\/uber-sie-und-uns\/\"]}]},{\"@type\":\"BreadcrumbList\",\"@id\":\"https:\/\/mifa.stradigi.dev\/de\/uber-sie-und-uns\/#breadcrumb\",\"itemListElement\":[{\"@type\":\"ListItem\",\"position\":1,\"name\":\"Home\",\"item\":\"https:\/\/mifa.stradigi.dev\/de\/\"},{\"@type\":\"ListItem\",\"position\":2,\"name\":\"\u00dcber Sie und uns\"}]},{\"@type\":\"WebSite\",\"@id\":\"https:\/\/mifa.stradigi.dev\/de\/#website\",\"url\":\"https:\/\/mifa.stradigi.dev\/de\/\",\"name\":\"Mifa Careers\",\"description\":\"Precisiehelden gezocht\",\"publisher\":{\"@id\":\"https:\/\/mifa.stradigi.dev\/de\/#organization\"},\"potentialAction\":[{\"@type\":\"SearchAction\",\"target\":{\"@type\":\"EntryPoint\",\"urlTemplate\":\"https:\/\/mifa.stradigi.dev\/de\/?s={search_term_string}\"},\"query-input\":{\"@type\":\"PropertyValueSpecification\",\"valueRequired\":true,\"valueName\":\"search_term_string\"}}],\"inLanguage\":\"de-DE\"},{\"@type\":\"Organization\",\"@id\":\"https:\/\/mifa.stradigi.dev\/de\/#organization\",\"name\":\"Mifa\",\"url\":\"https:\/\/mifa.stradigi.dev\/de\/\",\"logo\":{\"@type\":\"ImageObject\",\"inLanguage\":\"de-DE\",\"@id\":\"https:\/\/mifa.stradigi.dev\/de\/#\/schema\/logo\/image\/\",\"url\":\"https:\/\/mifacareers.com\/app\/uploads\/2022\/12\/Logo@2x.png\",\"contentUrl\":\"https:\/\/mifacareers.com\/app\/uploads\/2022\/12\/Logo@2x.png\",\"width\":190,\"height\":61,\"caption\":\"Mifa\"},\"image\":{\"@id\":\"https:\/\/mifa.stradigi.dev\/de\/#\/schema\/logo\/image\/\"},\"sameAs\":[\"https:\/\/www.facebook.com\/MifaAluminium\",\"https:\/\/www.linkedin.com\/company\/mifa-aluminium\/\"]}]}<\/script>\n<!-- \/ Yoast SEO plugin. -->","yoast_head_json":{"title":"\u00dcber Sie und uns - Mifa","description":"Mit \u00fcber 350 Kollegen arbeiten wir bei Mifa jeden Tag an Pr\u00e4zisionsprodukten, die zu einer nachhaltigeren und sichereren Welt beitragen.","robots":{"index":"index","follow":"follow","max-snippet":"max-snippet:-1","max-image-preview":"max-image-preview:large","max-video-preview":"max-video-preview:-1"},"canonical":"https:\/\/mifa.stradigi.dev\/de\/uber-sie-und-uns\/","og_locale":"de_DE","og_type":"article","og_title":"\u00dcber Sie und uns - Mifa","og_description":"Mit \u00fcber 350 Kollegen arbeiten wir bei Mifa jeden Tag an Pr\u00e4zisionsprodukten, die zu einer nachhaltigeren und sichereren Welt beitragen.","og_url":"https:\/\/mifa.stradigi.dev\/de\/uber-sie-und-uns\/","og_site_name":"Mifa","article_publisher":"https:\/\/www.facebook.com\/MifaAluminium","article_modified_time":"2025-09-22T07:42:34+00:00","twitter_card":"summary_large_image","twitter_misc":{"Est. reading time":"8 minutes"},"schema":{"@context":"https:\/\/schema.org","@graph":[{"@type":"WebPage","@id":"https:\/\/mifa.stradigi.dev\/de\/uber-sie-und-uns\/","url":"https:\/\/mifa.stradigi.dev\/de\/uber-sie-und-uns\/","name":"\u00dcber Sie und uns - Mifa","isPartOf":{"@id":"https:\/\/mifa.stradigi.dev\/de\/#website"},"datePublished":"2022-12-29T09:56:53+00:00","dateModified":"2025-09-22T07:42:34+00:00","description":"Mit \u00fcber 350 Kollegen arbeiten wir bei Mifa jeden Tag an Pr\u00e4zisionsprodukten, die zu einer nachhaltigeren und sichereren Welt beitragen.","breadcrumb":{"@id":"https:\/\/mifa.stradigi.dev\/de\/uber-sie-und-uns\/#breadcrumb"},"inLanguage":"de-DE","potentialAction":[{"@type":"ReadAction","target":["https:\/\/mifa.stradigi.dev\/de\/uber-sie-und-uns\/"]}]},{"@type":"BreadcrumbList","@id":"https:\/\/mifa.stradigi.dev\/de\/uber-sie-und-uns\/#breadcrumb","itemListElement":[{"@type":"ListItem","position":1,"name":"Home","item":"https:\/\/mifa.stradigi.dev\/de\/"},{"@type":"ListItem","position":2,"name":"\u00dcber Sie und uns"}]},{"@type":"WebSite","@id":"https:\/\/mifa.stradigi.dev\/de\/#website","url":"https:\/\/mifa.stradigi.dev\/de\/","name":"Mifa Careers","description":"Precisiehelden gezocht","publisher":{"@id":"https:\/\/mifa.stradigi.dev\/de\/#organization"},"potentialAction":[{"@type":"SearchAction","target":{"@type":"EntryPoint","urlTemplate":"https:\/\/mifa.stradigi.dev\/de\/?s={search_term_string}"},"query-input":{"@type":"PropertyValueSpecification","valueRequired":true,"valueName":"search_term_string"}}],"inLanguage":"de-DE"},{"@type":"Organization","@id":"https:\/\/mifa.stradigi.dev\/de\/#organization","name":"Mifa","url":"https:\/\/mifa.stradigi.dev\/de\/","logo":{"@type":"ImageObject","inLanguage":"de-DE","@id":"https:\/\/mifa.stradigi.dev\/de\/#\/schema\/logo\/image\/","url":"https:\/\/mifacareers.com\/app\/uploads\/2022\/12\/Logo@2x.png","contentUrl":"https:\/\/mifacareers.com\/app\/uploads\/2022\/12\/Logo@2x.png","width":190,"height":61,"caption":"Mifa"},"image":{"@id":"https:\/\/mifa.stradigi.dev\/de\/#\/schema\/logo\/image\/"},"sameAs":["https:\/\/www.facebook.com\/MifaAluminium","https:\/\/www.linkedin.com\/company\/mifa-aluminium\/"]}]}},"_links":{"self":[{"href":"https:\/\/mifa.stradigi.dev\/de\/wp-json\/wp\/v2\/pages\/1137","targetHints":{"allow":["GET"]}}],"collection":[{"href":"https:\/\/mifa.stradigi.dev\/de\/wp-json\/wp\/v2\/pages"}],"about":[{"href":"https:\/\/mifa.stradigi.dev\/de\/wp-json\/wp\/v2\/types\/page"}],"author":[{"embeddable":true,"href":"https:\/\/mifa.stradigi.dev\/de\/wp-json\/wp\/v2\/users\/4"}],"replies":[{"embeddable":true,"href":"https:\/\/mifa.stradigi.dev\/de\/wp-json\/wp\/v2\/comments?post=1137"}],"version-history":[{"count":32,"href":"https:\/\/mifa.stradigi.dev\/de\/wp-json\/wp\/v2\/pages\/1137\/revisions"}],"predecessor-version":[{"id":3068,"href":"https:\/\/mifa.stradigi.dev\/de\/wp-json\/wp\/v2\/pages\/1137\/revisions\/3068"}],"wp:attachment":[{"href":"https:\/\/mifa.stradigi.dev\/de\/wp-json\/wp\/v2\/media?parent=1137"}],"curies":[{"name":"wp","href":"https:\/\/api.w.org\/{rel}","templated":true}]}}